{"id":834,"date":"2023-08-24T00:26:41","date_gmt":"2023-08-24T00:26:41","guid":{"rendered":"https:\/\/ortopediadistrifarma.com.ar\/ortopedia\/?page_id=834"},"modified":"2023-08-24T15:01:10","modified_gmt":"2023-08-24T15:01:10","slug":"marcas","status":"publish","type":"page","link":"https:\/\/ortopediadistrifarma.com.ar\/ortopedia\/marcas\/","title":{"rendered":"Marcas"},"content":{"rendered":"\t\t<div data-elementor-type=\"wp-page\" data-elementor-id=\"834\" class=\"elementor elementor-834\" data-elementor-post-type=\"page\">\n\t\t\t\t\t\t<section class=\"elementor-section elementor-top-section elementor-element elementor-element-b45f0d2 elementor-section-boxed elementor-section-height-default elementor-section-height-default\" data-id=\"b45f0d2\" data-element_type=\"section\" data-e-type=\"section\">\n\t\t\t\t\t\t<div class=\"elementor-container elementor-column-gap-default\">\n\t\t\t\t\t<div class=\"elementor-column elementor-col-100 elementor-top-column elementor-element elementor-element-2b8243d\" data-id=\"2b8243d\" data-element_type=\"column\" data-e-type=\"column\">\n\t\t\t<div class=\"elementor-widget-wrap elementor-element-populated\">\n\t\t\t\t\t\t\t<\/div>\n\t\t<\/div>\n\t\t\t\t\t<\/div>\n\t\t<\/section>\n\t\t\t\t<section class=\"elementor-section elementor-top-section elementor-element elementor-element-ed58674 elementor-section-boxed elementor-section-height-default elementor-section-height-default\" data-id=\"ed58674\" data-element_type=\"section\" data-e-type=\"section\">\n\t\t\t\t\t\t<div class=\"elementor-container elementor-column-gap-default\">\n\t\t\t\t\t<div class=\"elementor-column elementor-col-33 elementor-top-column elementor-element elementor-element-1b203ac\" data-id=\"1b203ac\" data-element_type=\"column\" data-e-type=\"column\">\n\t\t\t<div class=\"elementor-widget-wrap elementor-element-populated\">\n\t\t\t\t\t\t<div class=\"elementor-element elementor-element-5f76c35 elementor-search-form--skin-classic elementor-search-form--button-type-icon elementor-search-form--icon-search elementor-widget elementor-widget-search-form\" data-id=\"5f76c35\" data-element_type=\"widget\" data-e-type=\"widget\" data-settings=\"{&quot;skin&quot;:&quot;classic&quot;}\" data-widget_type=\"search-form.default\">\n\t\t\t\t<div class=\"elementor-widget-container\">\n\t\t\t\t\t\t\t<search role=\"search\">\n\t\t\t<form class=\"elementor-search-form\" action=\"https:\/\/ortopediadistrifarma.com.ar\/ortopedia\" method=\"get\">\n\t\t\t\t\t\t\t\t\t\t\t\t<div class=\"elementor-search-form__container\">\n\t\t\t\t\t<label class=\"elementor-screen-only\" for=\"elementor-search-form-5f76c35\">Buscar<\/label>\n\n\t\t\t\t\t\n\t\t\t\t\t<input id=\"elementor-search-form-5f76c35\" placeholder=\"Buscar...\" class=\"elementor-search-form__input\" type=\"search\" name=\"s\" value=\"\">\n\t\t\t\t\t\n\t\t\t\t\t\t\t\t\t\t\t<button class=\"elementor-search-form__submit\" type=\"submit\" aria-label=\"Buscar\">\n\t\t\t\t\t\t\t\t\t\t\t\t\t\t\t<i aria-hidden=\"true\" class=\"fas fa-search\"><\/i>\t\t\t\t\t\t\t\t\t\t\t\t\t<\/button>\n\t\t\t\t\t\n\t\t\t\t\t\t\t\t\t<\/div>\n\t\t\t<\/form>\n\t\t<\/search>\n\t\t\t\t\t\t<\/div>\n\t\t\t\t<\/div>\n\t\t\t\t\t<\/div>\n\t\t<\/div>\n\t\t\t\t<div class=\"elementor-column elementor-col-33 elementor-top-column elementor-element elementor-element-dea8c53\" data-id=\"dea8c53\" data-element_type=\"column\" data-e-type=\"column\">\n\t\t\t<div class=\"elementor-widget-wrap elementor-element-populated\">\n\t\t\t\t\t\t<div class=\"elementor-element elementor-element-ddf60ab elementor-widget elementor-widget-woocommerce-breadcrumb\" data-id=\"ddf60ab\" data-element_type=\"widget\" data-e-type=\"widget\" data-widget_type=\"woocommerce-breadcrumb.default\">\n\t\t\t\t<div class=\"elementor-widget-container\">\n\t\t\t\t\t<nav class=\"woocommerce-breadcrumb\" aria-label=\"Breadcrumb\">Inicio<\/nav>\t\t\t\t<\/div>\n\t\t\t\t<\/div>\n\t\t\t\t\t<\/div>\n\t\t<\/div>\n\t\t\t\t<div class=\"elementor-column elementor-col-33 elementor-top-column elementor-element elementor-element-5b3098b\" data-id=\"5b3098b\" data-element_type=\"column\" data-e-type=\"column\">\n\t\t\t<div class=\"elementor-widget-wrap elementor-element-populated\">\n\t\t\t\t\t\t<div class=\"elementor-element elementor-element-4763878 elementor-widget elementor-widget-wp-widget-woocommerce_product_categories\" data-id=\"4763878\" data-element_type=\"widget\" data-e-type=\"widget\" data-widget_type=\"wp-widget-woocommerce_product_categories.default\">\n\t\t\t\t<div class=\"elementor-widget-container\">\n\t\t\t\t\t<div class=\"woocommerce widget_product_categories\"><select  name='product_cat' id='product_cat' class='dropdown_product_cat'>\n\t<option value='' selected='selected'>Selecciona una categor\u00eda<\/option>\n\t<option class=\"level-0\" value=\"aparatologia-medica\">Aparatolog\u00eda m\u00e9dica&nbsp;&nbsp;(15)<\/option>\n\t<option class=\"level-0\" value=\"descartables\">Descartables&nbsp;&nbsp;(16)<\/option>\n\t<option class=\"level-0\" value=\"elementos-de-silicona\">Elementos de silicona&nbsp;&nbsp;(6)<\/option>\n\t<option class=\"level-0\" value=\"equipamiento-y-accesorios\">Equipamiento y accesorios&nbsp;&nbsp;(15)<\/option>\n\t<option class=\"level-0\" value=\"ginecologia\">Ginecolog\u00eda&nbsp;&nbsp;(5)<\/option>\n\t<option class=\"level-0\" value=\"instrumentos-de-acero-inoxidable\">Instrumentos de acero inoxidable&nbsp;&nbsp;(2)<\/option>\n\t<option class=\"level-0\" value=\"ortopedia\">Ortopedia&nbsp;&nbsp;(23)<\/option>\n\t<option class=\"level-0\" value=\"para-la-vida-diaria-del-enfermo\">Para la vida diaria del enfermo&nbsp;&nbsp;(16)<\/option>\n\t<option class=\"level-0\" value=\"para-marcha-y-movilidad\">Para marcha y movilidad&nbsp;&nbsp;(11)<\/option>\n\t<option class=\"level-1\" value=\"andadores\">&nbsp;&nbsp;&nbsp;Andadores&nbsp;&nbsp;(4)<\/option>\n\t<option class=\"level-1\" value=\"otros\">&nbsp;&nbsp;&nbsp;Otros&nbsp;&nbsp;(4)<\/option>\n\t<option class=\"level-1\" value=\"sillas-de-rueda\">&nbsp;&nbsp;&nbsp;Sillas de rueda&nbsp;&nbsp;(3)<\/option>\n\t<option class=\"level-0\" value=\"productos-de-spa\">Productos de spa&nbsp;&nbsp;(3)<\/option>\n\t<option class=\"level-0\" value=\"rehabilitacion-fisica-y-deportologia\">Rehabilitaci\u00f3n f\u00edsica y deportolog\u00eda&nbsp;&nbsp;(6)<\/option>\n\t<option class=\"level-0\" value=\"suturas\">Suturas&nbsp;&nbsp;(1)<\/option>\n\t<option class=\"level-0\" value=\"vendajes-especiales\">Vendajes especiales&nbsp;&nbsp;(3)<\/option>\n<\/select>\n<\/div>\t\t\t\t<\/div>\n\t\t\t\t<\/div>\n\t\t\t\t\t<\/div>\n\t\t<\/div>\n\t\t\t\t\t<\/div>\n\t\t<\/section>\n\t\t\t\t<section class=\"elementor-section elementor-top-section elementor-element elementor-element-aa0c76c elementor-section-boxed elementor-section-height-default elementor-section-height-default\" data-id=\"aa0c76c\" data-element_type=\"section\" data-e-type=\"section\">\n\t\t\t\t\t\t<div class=\"elementor-container elementor-column-gap-default\">\n\t\t\t\t\t<div class=\"elementor-column elementor-col-100 elementor-top-column elementor-element elementor-element-91d2dfd\" data-id=\"91d2dfd\" data-element_type=\"column\" data-e-type=\"column\">\n\t\t\t<div class=\"elementor-widget-wrap elementor-element-populated\">\n\t\t\t\t\t\t<div class=\"elementor-element elementor-element-e36b912 elementor-widget elementor-widget-gallery\" data-id=\"e36b912\" data-element_type=\"widget\" data-e-type=\"widget\" data-settings=\"{&quot;columns&quot;:5,&quot;gallery_layout&quot;:&quot;masonry&quot;,&quot;columns_tablet&quot;:2,&quot;columns_mobile&quot;:1,&quot;gap&quot;:{&quot;unit&quot;:&quot;px&quot;,&quot;size&quot;:10,&quot;sizes&quot;:[]},&quot;gap_tablet&quot;:{&quot;unit&quot;:&quot;px&quot;,&quot;size&quot;:10,&quot;sizes&quot;:[]},&quot;gap_mobile&quot;:{&quot;unit&quot;:&quot;px&quot;,&quot;size&quot;:10,&quot;sizes&quot;:[]},&quot;content_hover_animation&quot;:&quot;fade-in&quot;}\" data-widget_type=\"gallery.default\">\n\t\t\t\t<div class=\"elementor-widget-container\">\n\t\t\t\t\t\t\t<div class=\"elementor-gallery__container\">\n\t\t\t\t\t\t\t<div class=\"e-gallery-item elementor-gallery-item elementor-animated-content\">\n\t\t\t\t\t<div class=\"e-gallery-image elementor-gallery-item__image\" data-thumbnail=\"https:\/\/i0.wp.com\/ortopediadistrifarma.com.ar\/ortopedia\/wp-content\/uploads\/2023\/08\/LOGO_Citizen-e1692889412627.jpg?fit=200%2C200&amp;ssl=1\" data-width=\"200\" data-height=\"200\" aria-label=\"\" role=\"img\" ><\/div>\n\t\t\t\t\t\t\t\t\t\t\t\t\t\t<\/div>\n\t\t\t\t\t\t\t<div class=\"e-gallery-item elementor-gallery-item elementor-animated-content\">\n\t\t\t\t\t<div class=\"e-gallery-image elementor-gallery-item__image\" data-thumbnail=\"https:\/\/i0.wp.com\/ortopediadistrifarma.com.ar\/ortopedia\/wp-content\/uploads\/2023\/08\/LOGO_Silmag.jpg?fit=200%2C200&amp;ssl=1\" data-width=\"200\" data-height=\"200\" aria-label=\"\" role=\"img\" ><\/div>\n\t\t\t\t\t\t\t\t\t\t\t\t\t\t<\/div>\n\t\t\t\t\t\t\t<div class=\"e-gallery-item elementor-gallery-item elementor-animated-content\">\n\t\t\t\t\t<div class=\"e-gallery-image elementor-gallery-item__image\" data-thumbnail=\"https:\/\/i0.wp.com\/ortopediadistrifarma.com.ar\/ortopedia\/wp-content\/uploads\/2023\/08\/LOGO_Lenox.jpg?fit=200%2C200&amp;ssl=1\" data-width=\"200\" data-height=\"200\" aria-label=\"\" role=\"img\" ><\/div>\n\t\t\t\t\t\t\t\t\t\t\t\t\t\t<\/div>\n\t\t\t\t\t\t\t<div class=\"e-gallery-item elementor-gallery-item elementor-animated-content\">\n\t\t\t\t\t<div class=\"e-gallery-image elementor-gallery-item__image\" data-thumbnail=\"https:\/\/i0.wp.com\/ortopediadistrifarma.com.ar\/ortopedia\/wp-content\/uploads\/2023\/08\/LOGO_Bander-Green.jpg?fit=200%2C200&amp;ssl=1\" data-width=\"200\" data-height=\"200\" aria-label=\"\" role=\"img\" ><\/div>\n\t\t\t\t\t\t\t\t\t\t\t\t\t\t<\/div>\n\t\t\t\t\t\t\t<div class=\"e-gallery-item elementor-gallery-item elementor-animated-content\">\n\t\t\t\t\t<div class=\"e-gallery-image elementor-gallery-item__image\" data-thumbnail=\"https:\/\/i0.wp.com\/ortopediadistrifarma.com.ar\/ortopedia\/wp-content\/uploads\/2023\/08\/LOGO_Ibici.jpg?fit=200%2C200&amp;ssl=1\" data-width=\"200\" data-height=\"200\" aria-label=\"\" role=\"img\" ><\/div>\n\t\t\t\t\t\t\t\t\t\t\t\t\t\t<\/div>\n\t\t\t\t\t\t\t<div class=\"e-gallery-item elementor-gallery-item elementor-animated-content\">\n\t\t\t\t\t<div class=\"e-gallery-image elementor-gallery-item__image\" data-thumbnail=\"https:\/\/i0.wp.com\/ortopediadistrifarma.com.ar\/ortopedia\/wp-content\/uploads\/2023\/08\/LOGO_Care-Quip.jpg?fit=200%2C200&amp;ssl=1\" data-width=\"200\" data-height=\"200\" aria-label=\"\" role=\"img\" ><\/div>\n\t\t\t\t\t\t\t\t\t\t\t\t\t\t<\/div>\n\t\t\t\t\t\t\t<div class=\"e-gallery-item elementor-gallery-item elementor-animated-content\">\n\t\t\t\t\t<div class=\"e-gallery-image elementor-gallery-item__image\" data-thumbnail=\"https:\/\/i0.wp.com\/ortopediadistrifarma.com.ar\/ortopedia\/wp-content\/uploads\/2023\/08\/LOGO_Lauda.jpg?fit=200%2C200&amp;ssl=1\" data-width=\"200\" data-height=\"200\" aria-label=\"\" role=\"img\" ><\/div>\n\t\t\t\t\t\t\t\t\t\t\t\t\t\t<\/div>\n\t\t\t\t\t\t\t<div class=\"e-gallery-item elementor-gallery-item elementor-animated-content\">\n\t\t\t\t\t<div class=\"e-gallery-image elementor-gallery-item__image\" data-thumbnail=\"https:\/\/i0.wp.com\/ortopediadistrifarma.com.ar\/ortopedia\/wp-content\/uploads\/2023\/08\/LOGO_Gelform.jpg?fit=200%2C200&amp;ssl=1\" data-width=\"200\" data-height=\"200\" aria-label=\"\" role=\"img\" ><\/div>\n\t\t\t\t\t\t\t\t\t\t\t\t\t\t<\/div>\n\t\t\t\t\t\t\t<div class=\"e-gallery-item elementor-gallery-item elementor-animated-content\">\n\t\t\t\t\t<div class=\"e-gallery-image elementor-gallery-item__image\" data-thumbnail=\"https:\/\/i0.wp.com\/ortopediadistrifarma.com.ar\/ortopedia\/wp-content\/uploads\/2023\/08\/LOGO_Body-Care.jpg?fit=200%2C200&amp;ssl=1\" data-width=\"200\" data-height=\"200\" aria-label=\"\" role=\"img\" ><\/div>\n\t\t\t\t\t\t\t\t\t\t\t\t\t\t<\/div>\n\t\t\t\t\t\t\t<div class=\"e-gallery-item elementor-gallery-item elementor-animated-content\">\n\t\t\t\t\t<div class=\"e-gallery-image elementor-gallery-item__image\" data-thumbnail=\"https:\/\/i0.wp.com\/ortopediadistrifarma.com.ar\/ortopedia\/wp-content\/uploads\/2023\/08\/LOGO_Johnson.jpg?fit=200%2C200&amp;ssl=1\" data-width=\"200\" data-height=\"200\" aria-label=\"\" role=\"img\" ><\/div>\n\t\t\t\t\t\t\t\t\t\t\t\t\t\t<\/div>\n\t\t\t\t\t\t\t<div class=\"e-gallery-item elementor-gallery-item elementor-animated-content\">\n\t\t\t\t\t<div class=\"e-gallery-image elementor-gallery-item__image\" data-thumbnail=\"https:\/\/i0.wp.com\/ortopediadistrifarma.com.ar\/ortopedia\/wp-content\/uploads\/2023\/08\/LOGO_CEC.jpg?fit=200%2C200&amp;ssl=1\" data-width=\"200\" data-height=\"200\" aria-label=\"\" role=\"img\" ><\/div>\n\t\t\t\t\t\t\t\t\t\t\t\t\t\t<\/div>\n\t\t\t\t\t\t\t<div class=\"e-gallery-item elementor-gallery-item elementor-animated-content\">\n\t\t\t\t\t<div class=\"e-gallery-image elementor-gallery-item__image\" data-thumbnail=\"https:\/\/i0.wp.com\/ortopediadistrifarma.com.ar\/ortopedia\/wp-content\/uploads\/2023\/08\/LOGO_Omron.jpg?fit=200%2C200&amp;ssl=1\" data-width=\"200\" data-height=\"200\" aria-label=\"\" role=\"img\" ><\/div>\n\t\t\t\t\t\t\t\t\t\t\t\t\t\t<\/div>\n\t\t\t\t\t\t\t<div class=\"e-gallery-item elementor-gallery-item elementor-animated-content\">\n\t\t\t\t\t<div class=\"e-gallery-image elementor-gallery-item__image\" data-thumbnail=\"https:\/\/i0.wp.com\/ortopediadistrifarma.com.ar\/ortopedia\/wp-content\/uploads\/2023\/08\/LOGO_Silfab.jpg?fit=200%2C200&amp;ssl=1\" data-width=\"200\" data-height=\"200\" aria-label=\"\" role=\"img\" ><\/div>\n\t\t\t\t\t\t\t\t\t\t\t\t\t\t<\/div>\n\t\t\t\t\t\t\t<div class=\"e-gallery-item elementor-gallery-item elementor-animated-content\">\n\t\t\t\t\t<div class=\"e-gallery-image elementor-gallery-item__image\" data-thumbnail=\"https:\/\/i0.wp.com\/ortopediadistrifarma.com.ar\/ortopedia\/wp-content\/uploads\/2023\/08\/LOGO_PTM.jpg?fit=200%2C200&amp;ssl=1\" data-width=\"200\" data-height=\"200\" aria-label=\"\" role=\"img\" ><\/div>\n\t\t\t\t\t\t\t\t\t\t\t\t\t\t<\/div>\n\t\t\t\t\t\t\t<div class=\"e-gallery-item elementor-gallery-item elementor-animated-content\">\n\t\t\t\t\t<div class=\"e-gallery-image elementor-gallery-item__image\" data-thumbnail=\"https:\/\/i0.wp.com\/ortopediadistrifarma.com.ar\/ortopedia\/wp-content\/uploads\/2023\/08\/LOGO_Coloplast.jpg?fit=200%2C200&amp;ssl=1\" data-width=\"200\" data-height=\"200\" aria-label=\"\" role=\"img\" ><\/div>\n\t\t\t\t\t\t\t\t\t\t\t\t\t\t<\/div>\n\t\t\t\t\t<\/div>\n\t\t\t\t\t<\/div>\n\t\t\t\t<\/div>\n\t\t\t\t\t<\/div>\n\t\t<\/div>\n\t\t\t\t\t<\/div>\n\t\t<\/section>\n\t\t\t\t<\/div>\n\t\t","protected":false},"excerpt":{"rendered":"","protected":false},"author":2,"featured_media":0,"parent":0,"menu_order":0,"comment_status":"closed","ping_status":"closed","template":"","meta":{"_joinchat":[],"footnotes":""},"class_list":["post-834","page","type-page","status-publish","hentry"],"yoast_head":"<!-- This site is optimized with the Yoast SEO plugin v25.7 - https:\/\/yoast.com\/wordpress\/plugins\/seo\/ -->\n<title>Marcas - DistriFarma<\/title>\n<meta name=\"robots\" content=\"index, follow, max-snippet:-1, max-image-preview:large, max-video-preview:-1\" \/>\n<link rel=\"canonical\" href=\"https:\/\/ortopediadistrifarma.com.ar\/ortopedia\/marcas\/\" \/>\n<meta property=\"og:locale\" content=\"es_ES\" \/>\n<meta property=\"og:type\" content=\"article\" \/>\n<meta property=\"og:title\" content=\"Marcas - DistriFarma\" \/>\n<meta property=\"og:url\" content=\"https:\/\/ortopediadistrifarma.com.ar\/ortopedia\/marcas\/\" \/>\n<meta property=\"og:site_name\" content=\"DistriFarma\" \/>\n<meta property=\"article:publisher\" content=\"https:\/\/www.facebook.com\/distrifarmavillamaria\" \/>\n<meta property=\"article:modified_time\" content=\"2023-08-24T15:01:10+00:00\" \/>\n<meta name=\"twitter:card\" content=\"summary_large_image\" \/>\n<script type=\"application\/ld+json\" class=\"yoast-schema-graph\">{\"@context\":\"https:\/\/schema.org\",\"@graph\":[{\"@type\":\"WebPage\",\"@id\":\"https:\/\/ortopediadistrifarma.com.ar\/ortopedia\/marcas\/\",\"url\":\"https:\/\/ortopediadistrifarma.com.ar\/ortopedia\/marcas\/\",\"name\":\"Marcas - DistriFarma\",\"isPartOf\":{\"@id\":\"https:\/\/ortopediadistrifarma.com.ar\/ortopedia\/#website\"},\"datePublished\":\"2023-08-24T00:26:41+00:00\",\"dateModified\":\"2023-08-24T15:01:10+00:00\",\"inLanguage\":\"es\",\"potentialAction\":[{\"@type\":\"ReadAction\",\"target\":[\"https:\/\/ortopediadistrifarma.com.ar\/ortopedia\/marcas\/\"]}]},{\"@type\":\"WebSite\",\"@id\":\"https:\/\/ortopediadistrifarma.com.ar\/ortopedia\/#website\",\"url\":\"https:\/\/ortopediadistrifarma.com.ar\/ortopedia\/\",\"name\":\"DistriFarma\",\"description\":\"\",\"publisher\":{\"@id\":\"https:\/\/ortopediadistrifarma.com.ar\/ortopedia\/#organization\"},\"potentialAction\":[{\"@type\":\"SearchAction\",\"target\":{\"@type\":\"EntryPoint\",\"urlTemplate\":\"https:\/\/ortopediadistrifarma.com.ar\/ortopedia\/?s={search_term_string}\"},\"query-input\":{\"@type\":\"PropertyValueSpecification\",\"valueRequired\":true,\"valueName\":\"search_term_string\"}}],\"inLanguage\":\"es\"},{\"@type\":\"Organization\",\"@id\":\"https:\/\/ortopediadistrifarma.com.ar\/ortopedia\/#organization\",\"name\":\"DistriFarma\",\"url\":\"https:\/\/ortopediadistrifarma.com.ar\/ortopedia\/\",\"logo\":{\"@type\":\"ImageObject\",\"inLanguage\":\"es\",\"@id\":\"https:\/\/ortopediadistrifarma.com.ar\/ortopedia\/#\/schema\/logo\/image\/\",\"url\":\"https:\/\/i0.wp.com\/ortopediadistrifarma.com.ar\/ortopedia\/wp-content\/uploads\/2022\/03\/cropped-logo_distrifarma.png?fit=1412%2C444&ssl=1\",\"contentUrl\":\"https:\/\/i0.wp.com\/ortopediadistrifarma.com.ar\/ortopedia\/wp-content\/uploads\/2022\/03\/cropped-logo_distrifarma.png?fit=1412%2C444&ssl=1\",\"width\":1412,\"height\":444,\"caption\":\"DistriFarma\"},\"image\":{\"@id\":\"https:\/\/ortopediadistrifarma.com.ar\/ortopedia\/#\/schema\/logo\/image\/\"},\"sameAs\":[\"https:\/\/www.facebook.com\/distrifarmavillamaria\",\"https:\/\/www.instagram.com\/distrifarma_ortopedia\/\"]}]}<\/script>\n<!-- \/ Yoast SEO plugin. -->","yoast_head_json":{"title":"Marcas - DistriFarma","robots":{"index":"index","follow":"follow","max-snippet":"max-snippet:-1","max-image-preview":"max-image-preview:large","max-video-preview":"max-video-preview:-1"},"canonical":"https:\/\/ortopediadistrifarma.com.ar\/ortopedia\/marcas\/","og_locale":"es_ES","og_type":"article","og_title":"Marcas - DistriFarma","og_url":"https:\/\/ortopediadistrifarma.com.ar\/ortopedia\/marcas\/","og_site_name":"DistriFarma","article_publisher":"https:\/\/www.facebook.com\/distrifarmavillamaria","article_modified_time":"2023-08-24T15:01:10+00:00","twitter_card":"summary_large_image","schema":{"@context":"https:\/\/schema.org","@graph":[{"@type":"WebPage","@id":"https:\/\/ortopediadistrifarma.com.ar\/ortopedia\/marcas\/","url":"https:\/\/ortopediadistrifarma.com.ar\/ortopedia\/marcas\/","name":"Marcas - DistriFarma","isPartOf":{"@id":"https:\/\/ortopediadistrifarma.com.ar\/ortopedia\/#website"},"datePublished":"2023-08-24T00:26:41+00:00","dateModified":"2023-08-24T15:01:10+00:00","inLanguage":"es","potentialAction":[{"@type":"ReadAction","target":["https:\/\/ortopediadistrifarma.com.ar\/ortopedia\/marcas\/"]}]},{"@type":"WebSite","@id":"https:\/\/ortopediadistrifarma.com.ar\/ortopedia\/#website","url":"https:\/\/ortopediadistrifarma.com.ar\/ortopedia\/","name":"DistriFarma","description":"","publisher":{"@id":"https:\/\/ortopediadistrifarma.com.ar\/ortopedia\/#organization"},"potentialAction":[{"@type":"SearchAction","target":{"@type":"EntryPoint","urlTemplate":"https:\/\/ortopediadistrifarma.com.ar\/ortopedia\/?s={search_term_string}"},"query-input":{"@type":"PropertyValueSpecification","valueRequired":true,"valueName":"search_term_string"}}],"inLanguage":"es"},{"@type":"Organization","@id":"https:\/\/ortopediadistrifarma.com.ar\/ortopedia\/#organization","name":"DistriFarma","url":"https:\/\/ortopediadistrifarma.com.ar\/ortopedia\/","logo":{"@type":"ImageObject","inLanguage":"es","@id":"https:\/\/ortopediadistrifarma.com.ar\/ortopedia\/#\/schema\/logo\/image\/","url":"https:\/\/i0.wp.com\/ortopediadistrifarma.com.ar\/ortopedia\/wp-content\/uploads\/2022\/03\/cropped-logo_distrifarma.png?fit=1412%2C444&ssl=1","contentUrl":"https:\/\/i0.wp.com\/ortopediadistrifarma.com.ar\/ortopedia\/wp-content\/uploads\/2022\/03\/cropped-logo_distrifarma.png?fit=1412%2C444&ssl=1","width":1412,"height":444,"caption":"DistriFarma"},"image":{"@id":"https:\/\/ortopediadistrifarma.com.ar\/ortopedia\/#\/schema\/logo\/image\/"},"sameAs":["https:\/\/www.facebook.com\/distrifarmavillamaria","https:\/\/www.instagram.com\/distrifarma_ortopedia\/"]}]}},"jetpack_sharing_enabled":true,"_links":{"self":[{"href":"https:\/\/ortopediadistrifarma.com.ar\/ortopedia\/wp-json\/wp\/v2\/pages\/834","targetHints":{"allow":["GET"]}}],"collection":[{"href":"https:\/\/ortopediadistrifarma.com.ar\/ortopedia\/wp-json\/wp\/v2\/pages"}],"about":[{"href":"https:\/\/ortopediadistrifarma.com.ar\/ortopedia\/wp-json\/wp\/v2\/types\/page"}],"author":[{"embeddable":true,"href":"https:\/\/ortopediadistrifarma.com.ar\/ortopedia\/wp-json\/wp\/v2\/users\/2"}],"replies":[{"embeddable":true,"href":"https:\/\/ortopediadistrifarma.com.ar\/ortopedia\/wp-json\/wp\/v2\/comments?post=834"}],"version-history":[{"count":36,"href":"https:\/\/ortopediadistrifarma.com.ar\/ortopedia\/wp-json\/wp\/v2\/pages\/834\/revisions"}],"predecessor-version":[{"id":906,"href":"https:\/\/ortopediadistrifarma.com.ar\/ortopedia\/wp-json\/wp\/v2\/pages\/834\/revisions\/906"}],"wp:attachment":[{"href":"https:\/\/ortopediadistrifarma.com.ar\/ortopedia\/wp-json\/wp\/v2\/media?parent=834"}],"curies":[{"name":"wp","href":"https:\/\/api.w.org\/{rel}","templated":true}]}}